{"id":18,"date":"2024-08-26T23:38:11","date_gmt":"2024-08-26T23:38:11","guid":{"rendered":"https:\/\/libertylifestylestore.com\/?page_id=18"},"modified":"2024-08-27T00:01:22","modified_gmt":"2024-08-27T00:01:22","slug":"elementor-18","status":"publish","type":"page","link":"https:\/\/libertylifestylestore.com\/?page_id=18","title":{"rendered":"PRODUTO TESTE DE PRESSEL"},"content":{"rendered":"\t\t<div data-elementor-type=\"wp-page\" data-elementor-id=\"18\" class=\"elementor elementor-18\">\n\t\t\t\t\t\t<section class=\"elementor-section elementor-top-section elementor-element elementor-element-69bc27c7 elementor-section-boxed elementor-section-height-default elementor-section-height-default\" data-id=\"69bc27c7\" data-element_type=\"section\" data-settings=\"{&quot;background_background&quot;:&quot;classic&quot;}\">\n\t\t\t\t\t\t<div class=\"elementor-container elementor-column-gap-default\">\n\t\t\t\t\t<div class=\"elementor-column elementor-col-100 elementor-top-column elementor-element elementor-element-5fc2c7f2\" data-id=\"5fc2c7f2\" data-element_type=\"column\">\n\t\t\t<div class=\"elementor-widget-wrap elementor-element-populated\">\n\t\t\t\t\t\t<div class=\"elementor-element elementor-element-423d44a9 elementor-widget elementor-widget-image\" data-id=\"423d44a9\" data-element_type=\"widget\" data-widget_type=\"image.default\">\n\t\t\t\t<div class=\"elementor-widget-container\">\n\t\t\t\t\t\t\t\t\t\t\t\t\t\t\t\t<a href=\"http:\/\/COLOQUE%20SEU%20LINK\">\n\t\t\t\t\t\t\t<img decoding=\"async\" src=\"https:\/\/libertylifestylestore-com.preview-domain.com\/wp-content\/plugins\/elementor\/assets\/images\/placeholder.png\" title=\"\" alt=\"\" loading=\"lazy\" \/>\t\t\t\t\t\t\t\t<\/a>\n\t\t\t\t\t\t\t\t\t\t\t\t\t\t\t<\/div>\n\t\t\t\t<\/div>\n\t\t\t\t\t<\/div>\n\t\t<\/div>\n\t\t\t\t\t<\/div>\n\t\t<\/section>\n\t\t\t\t<section class=\"elementor-section elementor-top-section elementor-element elementor-element-4f5fc8a4 elementor-section-boxed elementor-section-height-default elementor-section-height-default\" data-id=\"4f5fc8a4\" data-element_type=\"section\" data-settings=\"{&quot;background_background&quot;:&quot;classic&quot;}\">\n\t\t\t\t\t\t<div class=\"elementor-container elementor-column-gap-default\">\n\t\t\t\t\t<div class=\"elementor-column elementor-col-100 elementor-top-column elementor-element elementor-element-337fe86\" data-id=\"337fe86\" data-element_type=\"column\">\n\t\t\t<div class=\"elementor-widget-wrap elementor-element-populated\">\n\t\t\t\t\t\t<div class=\"elementor-element elementor-element-efbbb83 elementor-widget__width-initial elementor-widget-mobile__width-initial elementor-widget elementor-widget-heading\" data-id=\"efbbb83\" data-element_type=\"widget\" data-widget_type=\"heading.default\">\n\t\t\t\t<div class=\"elementor-widget-container\">\n\t\t\t\t\t<h2 class=\"elementor-heading-title elementor-size-default\">Compre hoje com desconto<\/h2>\t\t\t\t<\/div>\n\t\t\t\t<\/div>\n\t\t\t\t<div class=\"elementor-element elementor-element-356bb623 elementor-widget__width-auto elementor-widget elementor-widget-text-editor\" data-id=\"356bb623\" data-element_type=\"widget\" data-widget_type=\"text-editor.default\">\n\t\t\t\t<div class=\"elementor-widget-container\">\n\t\t\t\t\t\t\t\t\t<p style=\"text-align: center;\">Aprenda a fazer Desenhos Realistas do Zero<br>Chegou a hora de aprender de verdade!&nbsp;<\/p><p style=\"text-align: center;\">No Curso Desenhando sem DOM voc\u00ea vai Descobrir as t\u00e9cnicas mais importantes para come\u00e7ar a fazer desenhos realistas e ilustra\u00e7\u00f5es com l\u00e1pis de cor, iniciando sua jornada com o p\u00e9 direito e sem precisar de Material Caro e nem Dom.<\/p>\t\t\t\t\t\t\t\t<\/div>\n\t\t\t\t<\/div>\n\t\t\t\t<div class=\"elementor-element elementor-element-6a3282c1 elementor-widget elementor-widget-image\" data-id=\"6a3282c1\" data-element_type=\"widget\" data-widget_type=\"image.default\">\n\t\t\t\t<div class=\"elementor-widget-container\">\n\t\t\t\t\t\t\t\t\t\t\t\t\t\t\t\t<a href=\"http:\/\/COLOQUE%20SEU%20LINK\">\n\t\t\t\t\t\t\t<img fetchpriority=\"high\" decoding=\"async\" width=\"1024\" height=\"501\" src=\"https:\/\/libertylifestylestore.com\/wp-content\/uploads\/2024\/08\/GettyImages-1166451241-1024x501.webp\" class=\"attachment-large size-large wp-image-23\" alt=\"\" srcset=\"https:\/\/libertylifestylestore.com\/wp-content\/uploads\/2024\/08\/GettyImages-1166451241-1024x501.webp 1024w, https:\/\/libertylifestylestore.com\/wp-content\/uploads\/2024\/08\/GettyImages-1166451241-300x147.webp 300w, https:\/\/libertylifestylestore.com\/wp-content\/uploads\/2024\/08\/GettyImages-1166451241-768x375.webp 768w, https:\/\/libertylifestylestore.com\/wp-content\/uploads\/2024\/08\/GettyImages-1166451241-1536x751.webp 1536w, https:\/\/libertylifestylestore.com\/wp-content\/uploads\/2024\/08\/GettyImages-1166451241-2048x1001.webp 2048w\" sizes=\"(max-width: 1024px) 100vw, 1024px\" \/>\t\t\t\t\t\t\t\t<\/a>\n\t\t\t\t\t\t\t\t\t\t\t\t\t\t\t<\/div>\n\t\t\t\t<\/div>\n\t\t\t\t<div class=\"elementor-element elementor-element-6dc4c70a elementor-align-center elementor-widget elementor-widget-button\" data-id=\"6dc4c70a\" data-element_type=\"widget\" data-widget_type=\"button.default\">\n\t\t\t\t<div class=\"elementor-widget-container\">\n\t\t\t\t\t\t\t\t\t<div class=\"elementor-button-wrapper\">\n\t\t\t\t\t<a class=\"elementor-button elementor-button-link elementor-size-xl\" href=\"http:\/\/COLOQUE%20SEU%20LINK\">\n\t\t\t\t\t\t<span class=\"elementor-button-content-wrapper\">\n\t\t\t\t\t\t\t\t\t<span class=\"elementor-button-text\">COMPRE AGORA NO SITE OFICIAL<\/span>\n\t\t\t\t\t<\/span>\n\t\t\t\t\t<\/a>\n\t\t\t\t<\/div>\n\t\t\t\t\t\t\t\t<\/div>\n\t\t\t\t<\/div>\n\t\t\t\t<div class=\"elementor-element elementor-element-4f253b8c elementor-widget elementor-widget-image\" data-id=\"4f253b8c\" data-element_type=\"widget\" data-widget_type=\"image.default\">\n\t\t\t\t<div class=\"elementor-widget-container\">\n\t\t\t\t\t\t\t\t\t\t\t\t\t\t\t\t<a href=\"http:\/\/COLOQUE%20SEU%20LINK\">\n\t\t\t\t\t\t\t<img decoding=\"async\" src=\"https:\/\/libertylifestylestore-com.preview-domain.com\/wp-content\/plugins\/elementor\/assets\/images\/placeholder.png\" title=\"\" alt=\"\" loading=\"lazy\" \/>\t\t\t\t\t\t\t\t<\/a>\n\t\t\t\t\t\t\t\t\t\t\t\t\t\t\t<\/div>\n\t\t\t\t<\/div>\n\t\t\t\t\t<\/div>\n\t\t<\/div>\n\t\t\t\t\t<\/div>\n\t\t<\/section>\n\t\t\t\t<section class=\"elementor-section elementor-top-section elementor-element elementor-element-682ffc96 elementor-section-boxed elementor-section-height-default elementor-section-height-default\" data-id=\"682ffc96\" data-element_type=\"section\" data-settings=\"{&quot;background_background&quot;:&quot;classic&quot;}\">\n\t\t\t\t\t\t<div class=\"elementor-container elementor-column-gap-default\">\n\t\t\t\t\t<div class=\"elementor-column elementor-col-50 elementor-top-column elementor-element elementor-element-28911929\" data-id=\"28911929\" data-element_type=\"column\">\n\t\t\t<div class=\"elementor-widget-wrap elementor-element-populated\">\n\t\t\t\t\t\t<div class=\"elementor-element elementor-element-39c429aa elementor-widget elementor-widget-image\" data-id=\"39c429aa\" data-element_type=\"widget\" data-widget_type=\"image.default\">\n\t\t\t\t<div class=\"elementor-widget-container\">\n\t\t\t\t\t\t\t\t\t\t\t\t\t\t\t\t<a href=\"http:\/\/COLOQUE%20SEU%20LINK\">\n\t\t\t\t\t\t\t<img decoding=\"async\" src=\"https:\/\/libertylifestylestore-com.preview-domain.com\/wp-content\/plugins\/elementor\/assets\/images\/placeholder.png\" title=\"\" alt=\"\" loading=\"lazy\" \/>\t\t\t\t\t\t\t\t<\/a>\n\t\t\t\t\t\t\t\t\t\t\t\t\t\t\t<\/div>\n\t\t\t\t<\/div>\n\t\t\t\t\t<\/div>\n\t\t<\/div>\n\t\t\t\t<div class=\"elementor-column elementor-col-50 elementor-top-column elementor-element elementor-element-4ec16d6b\" data-id=\"4ec16d6b\" data-element_type=\"column\">\n\t\t\t<div class=\"elementor-widget-wrap elementor-element-populated\">\n\t\t\t\t\t\t<div class=\"elementor-element elementor-element-2fba141e elementor-widget elementor-widget-text-editor\" data-id=\"2fba141e\" data-element_type=\"widget\" data-widget_type=\"text-editor.default\">\n\t\t\t\t<div class=\"elementor-widget-container\">\n\t\t\t\t\t\t\t\t\t<p style=\"text-align: center;\">Satisfa\u00e7\u00e3o garantida ou seu dinheiro de volta<br \/>At\u00e9 7 dias depois do pagamento, voc\u00ea pode cancelar por qualquer motivo, e devolvemos todo o valor pago.<\/p>\t\t\t\t\t\t\t\t<\/div>\n\t\t\t\t<\/div>\n\t\t\t\t\t<\/div>\n\t\t<\/div>\n\t\t\t\t\t<\/div>\n\t\t<\/section>\n\t\t<div class=\"elementor-element elementor-element-7f251f2e e-flex e-con-boxed e-con e-parent\" data-id=\"7f251f2e\" data-element_type=\"container\" data-settings=\"{&quot;background_background&quot;:&quot;classic&quot;}\">\n\t\t\t\t\t<div class=\"e-con-inner\">\n\t\t<div class=\"elementor-element elementor-element-4ba1e6c1 e-flex e-con-boxed e-con e-child\" data-id=\"4ba1e6c1\" data-element_type=\"container\">\n\t\t\t\t\t<div class=\"e-con-inner\">\n\t\t\t\t<div class=\"elementor-element elementor-element-2bd4775e elementor-widget elementor-widget-text-editor\" data-id=\"2bd4775e\" data-element_type=\"widget\" data-widget_type=\"text-editor.default\">\n\t\t\t\t<div class=\"elementor-widget-container\">\n\t\t\t\t\t\t\t\t\t<p>Termos de uso Politicas de privacidade<\/p>\t\t\t\t\t\t\t\t<\/div>\n\t\t\t\t<\/div>\n\t\t\t\t\t<\/div>\n\t\t\t\t<\/div>\n\t\t\t\t\t<\/div>\n\t\t\t\t<\/div>\n\t\t\t\t<\/div>\n\t\t","protected":false},"excerpt":{"rendered":"<p>Compre hoje com desconto Aprenda a fazer Desenhos Realistas do ZeroChegou a hora de aprender de verdade!&nbsp; No Curso Desenhando sem DOM voc\u00ea vai Descobrir as t\u00e9cnicas mais importantes para come\u00e7ar a fazer desenhos realistas e ilustra\u00e7\u00f5es com l\u00e1pis de cor, iniciando sua jornada com o p\u00e9 direito e sem precisar de Material Caro e [&hellip;]<\/p>\n","protected":false},"author":1,"featured_media":0,"parent":0,"menu_order":0,"comment_status":"closed","ping_status":"closed","template":"elementor_canvas","meta":{"footnotes":""},"class_list":["post-18","page","type-page","status-publish","hentry"],"_links":{"self":[{"href":"https:\/\/libertylifestylestore.com\/index.php?rest_route=\/wp\/v2\/pages\/18"}],"collection":[{"href":"https:\/\/libertylifestylestore.com\/index.php?rest_route=\/wp\/v2\/pages"}],"about":[{"href":"https:\/\/libertylifestylestore.com\/index.php?rest_route=\/wp\/v2\/types\/page"}],"author":[{"embeddable":true,"href":"https:\/\/libertylifestylestore.com\/index.php?rest_route=\/wp\/v2\/users\/1"}],"replies":[{"embeddable":true,"href":"https:\/\/libertylifestylestore.com\/index.php?rest_route=%2Fwp%2Fv2%2Fcomments&post=18"}],"version-history":[{"count":7,"href":"https:\/\/libertylifestylestore.com\/index.php?rest_route=\/wp\/v2\/pages\/18\/revisions"}],"predecessor-version":[{"id":29,"href":"https:\/\/libertylifestylestore.com\/index.php?rest_route=\/wp\/v2\/pages\/18\/revisions\/29"}],"wp:attachment":[{"href":"https:\/\/libertylifestylestore.com\/index.php?rest_route=%2Fwp%2Fv2%2Fmedia&parent=18"}],"curies":[{"name":"wp","href":"https:\/\/api.w.org\/{rel}","templated":true}]}}